{"id":216,"date":"2021-03-06T14:11:33","date_gmt":"2021-03-06T14:11:33","guid":{"rendered":"http:\/\/scwattwil.ch\/wordpress\/?page_id=216"},"modified":"2025-09-10T17:57:10","modified_gmt":"2025-09-10T17:57:10","slug":"organisation","status":"publish","type":"page","link":"http:\/\/scwattwil.ch\/wordpress\/index.php\/verein\/organisation\/","title":{"rendered":"Organisation"},"content":{"rendered":"\t\t<div data-elementor-type=\"wp-page\" data-elementor-id=\"216\" class=\"elementor elementor-216\">\n\t\t\t\t\t\t\t\t\t<section class=\"elementor-section elementor-top-section elementor-element elementor-element-4862caab elementor-section-boxed elementor-section-height-default elementor-section-height-default\" data-id=\"4862caab\" data-element_type=\"section\">\n\t\t\t\t\t\t<div class=\"elementor-container elementor-column-gap-default\">\n\t\t\t\t\t<div class=\"elementor-column elementor-col-100 elementor-top-column elementor-element elementor-element-16d87f03\" data-id=\"16d87f03\" data-element_type=\"column\">\n\t\t\t<div class=\"elementor-widget-wrap elementor-element-populated\">\n\t\t\t\t\t\t\t\t<div class=\"elementor-element elementor-element-1e62e18e elementor-widget elementor-widget-text-editor\" data-id=\"1e62e18e\" data-element_type=\"widget\" data-widget_type=\"text-editor.default\">\n\t\t\t\t<div class=\"elementor-widget-container\">\n\t\t\t\t\t\t\t<p style=\"text-align: center;\"><span style=\"font-size: 36pt;\">Vorstand:<\/span><\/p><p style=\"text-align: center;\"><strong>Pr\u00e4sidentin<\/strong><br \/>Sonja Trost<br \/>Rickenstrasse 59<br \/>9630 Wattwil<br \/>Mail: trostsonja@bluewin.ch<br \/>Tel. 079 460 69 26<\/p><p style=\"text-align: center;\"><strong>Technischer Leiter\/Vizepr\u00e4si<\/strong><br \/>Timon B\u00f6sch<br \/>Teufener Strasse 93<br \/>9000 St. Gallen<br \/>Mail: timon.boesch@outlook.com<br \/>Tel. 079 552 30 10<\/p><p style=\"text-align: center;\"><strong>H\u00fcttenchef<\/strong><br \/>Yves St\u00fcssi<br \/>Ackerhusweg 24<br \/>9642 Ebnat-Kappel<br \/>Mail: yves.stuessi75@gmail.com<br \/>Tel. 079 690 97 38<\/p><p style=\"text-align: center;\"><strong>IO\/Sportchefin<\/strong><br \/>Yvonne Fritschi<br \/>Ebnaterstrasse 103<br \/>9630 Wattwil<br \/>Mail: fritschi.massagen@bluewin.ch<br \/>Tel. 079 308 38 44<\/p><p style=\"text-align: center;\"><strong>IO\/Sportchef<\/strong><br \/>Rouven Wichser<br \/>Obere Laad 847<br \/>9630 Wattwil<br \/>Mail: rouven.wichser@gmail.com<br \/>Tel. 079 596 51 48<\/p><p style=\"text-align: center;\"><strong>Kassierin<\/strong><br \/>Nadine Geiselmann<br \/>Ebnaterstrasse 51<br \/>9642 Ebnat-Kappel<br \/>Mail: nadine_ge@hotmail.com<br \/>Tel. 076 623 42 22<\/p><p style=\"text-align: center;\"><strong>Aktuarin<\/strong><br \/>Barbara Fabrizio<br \/>Thuraustrasse 34<br \/>9247 Henau<br \/>Mail: barbara@looma.ch<br \/>Tel. 079 601 28 29<\/p>\t\t\t\t\t\t<\/div>\n\t\t\t\t<\/div>\n\t\t\t\t\t<\/div>\n\t\t<\/div>\n\t\t\t\t\t\t\t<\/div>\n\t\t<\/section>\n\t\t\t\t\t\t\t<\/div>\n\t\t","protected":false},"excerpt":{"rendered":"<p>Vorstand: Pr\u00e4sidentinSonja TrostRickenstrasse 599630 WattwilMail: trostsonja@bluewin.chTel. 079 460 69 26 Technischer Leiter\/Vizepr\u00e4siTimon B\u00f6schTeufener Strasse 939000 St. GallenMail: timon.boesch@outlook.comTel. 079 552 30 10 H\u00fcttenchefYves St\u00fcssiAckerhusweg 249642 Ebnat-KappelMail: yves.stuessi75@gmail.comTel. 079 690 97 38 IO\/SportchefinYvonne FritschiEbnaterstrasse 1039630 WattwilMail: fritschi.massagen@bluewin.chTel. 079 308 38 44 IO\/SportchefRouven WichserObere Laad 8479630 WattwilMail: rouven.wichser@gmail.comTel. 079 596 51 48 KassierinNadine GeiselmannEbnaterstrasse 519642 Ebnat-KappelMail: nadine_ge@hotmail.comTel.&hellip;&nbsp;<a href=\"http:\/\/scwattwil.ch\/wordpress\/index.php\/verein\/organisation\/\" class=\"\" rel=\"bookmark\">Weiterlesen &raquo;<span class=\"screen-reader-text\">Organisation<\/span><\/a><\/p>\n","protected":false},"author":1,"featured_media":0,"parent":72,"menu_order":0,"comment_status":"closed","ping_status":"closed","template":"page-templates\/template-pagebuilder-full-width.php","meta":{"neve_meta_sidebar":"left","neve_meta_container":"","neve_meta_enable_content_width":"on","neve_meta_content_width":100,"neve_meta_title_alignment":"","neve_meta_author_avatar":"","neve_post_elements_order":"","neve_meta_disable_header":"","neve_meta_disable_footer":"","neve_meta_disable_title":"","footnotes":""},"_links":{"self":[{"href":"http:\/\/scwattwil.ch\/wordpress\/index.php\/wp-json\/wp\/v2\/pages\/216"}],"collection":[{"href":"http:\/\/scwattwil.ch\/wordpress\/index.php\/wp-json\/wp\/v2\/pages"}],"about":[{"href":"http:\/\/scwattwil.ch\/wordpress\/index.php\/wp-json\/wp\/v2\/types\/page"}],"author":[{"embeddable":true,"href":"http:\/\/scwattwil.ch\/wordpress\/index.php\/wp-json\/wp\/v2\/users\/1"}],"replies":[{"embeddable":true,"href":"http:\/\/scwattwil.ch\/wordpress\/index.php\/wp-json\/wp\/v2\/comments?post=216"}],"version-history":[{"count":21,"href":"http:\/\/scwattwil.ch\/wordpress\/index.php\/wp-json\/wp\/v2\/pages\/216\/revisions"}],"predecessor-version":[{"id":575,"href":"http:\/\/scwattwil.ch\/wordpress\/index.php\/wp-json\/wp\/v2\/pages\/216\/revisions\/575"}],"up":[{"embeddable":true,"href":"http:\/\/scwattwil.ch\/wordpress\/index.php\/wp-json\/wp\/v2\/pages\/72"}],"wp:attachment":[{"href":"http:\/\/scwattwil.ch\/wordpress\/index.php\/wp-json\/wp\/v2\/media?parent=216"}],"curies":[{"name":"wp","href":"https:\/\/api.w.org\/{rel}","templated":true}]}}