{"id":223,"date":"2021-03-06T14:17:34","date_gmt":"2021-03-06T14:17:34","guid":{"rendered":"http:\/\/scwattwil.ch\/wordpress\/?page_id=223"},"modified":"2023-09-10T11:44:19","modified_gmt":"2023-09-10T11:44:19","slug":"geschichte","status":"publish","type":"page","link":"http:\/\/scwattwil.ch\/wordpress\/index.php\/verein\/geschichte\/","title":{"rendered":"Geschichte"},"content":{"rendered":"\t\t<div data-elementor-type=\"wp-page\" data-elementor-id=\"223\" class=\"elementor elementor-223\">\n\t\t\t\t\t\t\t\t\t<section class=\"elementor-section elementor-top-section elementor-element elementor-element-b6e8275 elementor-section-boxed elementor-section-height-default elementor-section-height-default\" data-id=\"b6e8275\" data-element_type=\"section\">\n\t\t\t\t\t\t<div class=\"elementor-container elementor-column-gap-default\">\n\t\t\t\t\t<div class=\"elementor-column elementor-col-100 elementor-top-column elementor-element elementor-element-a5d85f3\" data-id=\"a5d85f3\" data-element_type=\"column\">\n\t\t\t<div class=\"elementor-widget-wrap elementor-element-populated\">\n\t\t\t\t\t\t\t\t<div class=\"elementor-element elementor-element-05cbe4f elementor-widget elementor-widget-text-editor\" data-id=\"05cbe4f\" data-element_type=\"widget\" data-widget_type=\"text-editor.default\">\n\t\t\t\t<div class=\"elementor-widget-container\">\n\t\t\t\t\t\t\t<p><span style=\"color: #000000;\">SC Wattwil &#8211; Geschichte 1933 bis 2009<\/span><\/p><p>\u00a0<\/p><p><span style=\"color: #000000;\">Ewige Pr\u00e4sidentenliste<\/span><\/p><p>\u00a0<\/p><table><tbody><tr><td width=\"307\"><span style=\"color: #000000;\">Otto Aerne<\/span><\/td><td width=\"307\"><span style=\"color: #000000;\">1933 &#8211; 1946<\/span><\/td><\/tr><tr><td width=\"307\"><span style=\"color: #000000;\">Ulrich Fischbacher<\/span><\/td><td width=\"307\"><span style=\"color: #000000;\">1947 &#8211; 1950<\/span><\/td><\/tr><tr><td width=\"307\"><span style=\"color: #000000;\">Alfred Rutz<\/span><\/td><td width=\"307\"><span style=\"color: #000000;\">1951 &#8211; 1954<\/span><\/td><\/tr><tr><td width=\"307\"><span style=\"color: #000000;\">Leo Meier<\/span><\/td><td width=\"307\"><span style=\"color: #000000;\">1955 &#8211; 1960<\/span><\/td><\/tr><tr><td width=\"307\"><span style=\"color: #000000;\">J\u00fcrg Sch\u00e4llibaum<\/span><\/td><td width=\"307\"><span style=\"color: #000000;\">1961 &#8211; 1964<\/span><\/td><\/tr><tr><td width=\"307\"><span style=\"color: #000000;\">Leo Meier<\/span><\/td><td width=\"307\"><span style=\"color: #000000;\">1965 &#8211; 1969<\/span><\/td><\/tr><tr><td width=\"307\"><span style=\"color: #000000;\">Sepp Wirth<\/span><\/td><td width=\"307\"><span style=\"color: #000000;\">1970 &#8211; 1974<\/span><\/td><\/tr><tr><td width=\"307\"><span style=\"color: #000000;\">Urs Abderhalden<\/span><\/td><td width=\"307\"><span style=\"color: #000000;\">1975 &#8211; 1980<\/span><\/td><\/tr><tr><td width=\"307\"><span style=\"color: #000000;\">Werner Herzig<\/span><\/td><td width=\"307\"><span style=\"color: #000000;\">1981 &#8211; 1990<\/span><\/td><\/tr><tr><td width=\"307\"><span style=\"color: #000000;\">Urs Weber<\/span><\/td><td width=\"307\"><span style=\"color: #000000;\">1991 &#8211; 2004<\/span><\/td><\/tr><tr><td width=\"307\"><span style=\"color: #000000;\">Yvonne B\u00f6sch<\/span><\/td><td width=\"307\"><span style=\"color: #000000;\">2005 &#8211; 2009<\/span><\/td><\/tr><tr><td width=\"307\"><span style=\"color: #000000;\">Heinz Lusti<\/span><\/td><td width=\"307\"><span style=\"color: #000000;\">ab 2009<\/span><\/td><\/tr><\/tbody><\/table><p>\u00a0<\/p><table><tbody><tr><td width=\"83\"><span style=\"color: #000000;\">1933<\/span><\/td><td width=\"531\"><p><span style=\"color: #000000;\">3. August 1933: Gr\u00fcndungsversammlung des SCW im Rest. Sch\u00e4fli, Wattwil.<\/span><\/p><p>\u00a0<\/p><p><span style=\"color: #000000;\">11. November 1933: Erste Hauptversammlung des SCW.<\/span><\/p><p><span style=\"color: #000000;\">Der Verein z\u00e4hlte bei der Gr\u00fcndung 75 Aktivmitglieder.<\/span><\/p><p>\u00a0<\/p><p><span style=\"color: #000000;\">Das Leitwort des Clubs lautete: &#8222;Der Skiclub Wattwil steht politisch und konfessionell auf neutralem Boden. Zum Wohle des SCW geh\u00f6rt ein ehrlicher Sportgeist. Gegen Hetzer und Friedensst\u00f6rer werde man von Anfang an mit aller Sch\u00e4rfe vorgehen.<\/span><br \/><span style=\"color: #000000;\">Der SCW hatte sich bereits dem TSV (Toggenburger-Skiverband) sowie dem OSSV (Ostschweizer-Skiverband) angeschlossen. Der Mitgliederbeitrag betrug Fr. 4.50.<\/span><\/p><p>\u00a0<\/p><p><span style=\"color: #000000;\">1. Oktober 1933: Abschluss des H\u00fcttenvertrages mit Peter Britt f\u00fcr die Wisbodenh\u00fctte.<\/span><\/p><p>\u00a0<\/p><p><span style=\"color: #000000;\">Der erste H\u00fcttenwart hiess Jakob Tobler. Er erhielt als Entsch\u00e4digung pro Wochenende Fr. 12.&#8211;.<\/span><\/p><p><span style=\"color: #000000;\">Eine Tasse Tee kostete Fr. 0.20 f\u00fcr Mitglieder und Fr. 0.30 f\u00fcr Nichtmitglieder.<\/span><\/p><\/td><\/tr><tr><td width=\"83\"><span style=\"color: #000000;\">1934<\/span><\/td><td width=\"531\"><p><span style=\"color: #000000;\">Neu geh\u00f6rten dem SCW 146 Mitglieder an.<\/span><\/p><p>\u00a0<\/p><p><span style=\"color: #000000;\">28. Januar 1934: Erstes Clubrennen auf dem Wisboden. Man marschierte gemeinsam um 10:00 in Wattwil los, um rechtzeitig um 14.00 Uhr am Abfahrtsrennen und anschliessend am Slalom starten zu k\u00f6nnen<\/span><\/p><\/td><\/tr><tr><td width=\"83\"><span style=\"color: #000000;\">1935<\/span><\/td><td width=\"531\"><span style=\"color: #000000;\">Als erstes SCW-Mitglied gewann Hans Brunner das TSV-Rennen in Nesslau<\/span><\/td><\/tr><tr><td width=\"83\"><span style=\"color: #000000;\">1936<\/span><\/td><td width=\"531\"><p><span style=\"color: #000000;\">Das Hotel &#8222;Toggenburg&#8220; wurde zum Clublokal bestimmt.<\/span><\/p><p><span style=\"color: #000000;\">Der SCW organisierte die Delegiertenversammlung des OSSV<\/span><\/p><\/td><\/tr><tr><td width=\"83\"><span style=\"color: #000000;\">1937<\/span><\/td><td width=\"531\"><p><span style=\"color: #000000;\">Schlechte Schneeverh\u00e4ltnisse waren schon damals ein Thema. Die<\/span><\/p><p><span style=\"color: #000000;\">Kinderskikurse sowie zwei Interclub-Rennen mussten abgesagt werden<\/span><\/p><\/td><\/tr><tr><td width=\"83\"><span style=\"color: #000000;\">1938<\/span><\/td><td width=\"531\"><span style=\"color: #000000;\">Wegen p\u00f6belhaftem und unsportlichem Verhalten wurden drei Mitglieder aus dem Interclub-Team des SCW vom Club ausgeschlossen.<\/span><\/td><\/tr><tr><td width=\"83\"><span style=\"color: #000000;\">1939<\/span><\/td><td width=\"531\"><span style=\"color: #000000;\">Etliche Aktiv-Mitglieder wurden durch die Generalmobilmachung an die Grenze gerufen. Trotzdem wurde vom SCW die Organisation des Wolzenalp-Abfahrtsrennen \u00fcbernommen.<\/span><\/td><\/tr><tr><td width=\"83\"><span style=\"color: #000000;\">1940<\/span><\/td><td width=\"531\"><span style=\"color: #000000;\">Ausser den durcheinander geratenen Finanzen, die die Kommission in arge Schwierigkeiten brachten, lief das Vereinsschiffchen in ruhigen Bahnen.<\/span><\/td><\/tr><tr><td width=\"83\"><span style=\"color: #000000;\">1941<\/span><\/td><td width=\"531\"><p><span style=\"color: #000000;\">H\u00f6hepunkt war das durch unseren Verein organisierte Toggenburgische Verbands-Skirennen in Wattwil. Auch der Jugendskitag war mit 254 Teilnehmern ein voller Erfolg.<\/span><\/p><p><span style=\"color: #000000;\">Trotz Benzinrationierung wurde die damals schon beliebte Parsenntour durchgef\u00fchrt, obwohl damals die Kosten von Fr. 20.&#8211; sicher nicht gering waren.<\/span><\/p><\/td><\/tr><tr><td width=\"83\"><span style=\"color: #000000;\">1942<\/span><\/td><td width=\"531\"><p><span style=\"color: #000000;\">Gegen die Gr\u00fcndung des Skiclubs Ulisbach wurde, unterst\u00fctzt durch das Gemeindeamt Wattwil, Einsprache erhoben. Sp\u00e4ter reichte man ihm aber in freundnachbarlicher Weise die Hand.<\/span><\/p><p><span style=\"color: #000000;\">Vom Eidgen\u00f6ssischen Kriegsern\u00e4hrungsamt ging die Erkl\u00e4rung zu, dass kein Zucker mehr f\u00fcr die Tee-Zubereitung in Skih\u00fctten zugeteilt w\u00fcrde.<\/span><\/p><\/td><\/tr><tr><td width=\"83\"><span style=\"color: #000000;\">1943<\/span><\/td><td width=\"531\"><span style=\"color: #000000;\">Das 10-j\u00e4hrige Bestehen wurde in einfacher, dem Ernste der Zeit angepasster Form, gefeiert.<\/span><\/td><\/tr><tr><td width=\"83\"><span style=\"color: #000000;\">1945<\/span><\/td><td width=\"531\"><span style=\"color: #000000;\">Der Zweiteilung des Clubrennens, Slalom am Samstag, Abfahrt am Sonntag, war ein voller Erfolg beschieden. Einzelne Clubtouren mussten wegen Schneemangels abgesagt werden.<\/span><\/td><\/tr><tr><td width=\"83\"><span style=\"color: #000000;\">1949<\/span><\/td><td width=\"531\"><p><span style=\"color: #000000;\">Willi Britt \u00fcbernahm das Amt des H\u00fcttenwarts und wurde mit 20 % am Umsatz beteiligt.<\/span><\/p><p><span style=\"color: #000000;\">Der SCW trat aus dem SSV aus.<\/span><\/p><\/td><\/tr><tr><td width=\"83\"><span style=\"color: #000000;\">1951<\/span><\/td><td width=\"531\"><span style=\"color: #000000;\">Der w\u00f6chentliche &#8222;Stamm&#8220; in der &#8222;Toggenburg&#8220; wurde wieder eingef\u00fchrt. Dazu wurde der heute noch vorhandene &#8222;Skil\u00e4ufer-Aschenbecher&#8220; angefertigt.<\/span><\/td><\/tr><tr><td width=\"83\"><span style=\"color: #000000;\">1953<\/span><\/td><td width=\"531\"><span style=\"color: #000000;\">Unser Verein zeigte Erm\u00fcdungserscheinungen. An der Hauptversammlung nahmen nur gerade 13 Mitglieder teil. Man warf damals der Kommission vor, dass der SCW zuwenig biete. Um den Club wieder etwas in die Oeffentlichkeit zu bringen, wurden wieder Jugend-Skitage organisiert.<\/span><\/td><\/tr><tr><td width=\"83\"><span style=\"color: #000000;\">1954<\/span><\/td><td width=\"531\"><span style=\"color: #000000;\">Man beschloss den Wiedereintritt in den SSV. Gleichzeitig wurde die Mitgliedschaft erstmals in der Geschichte des SCW von Fr. 4.50 auf Fr. 5.&#8211; erh\u00f6ht.<\/span><\/td><\/tr><tr><td width=\"83\"><span style=\"color: #000000;\">1955<\/span><\/td><td width=\"531\"><span style=\"color: #000000;\">Ein W\u00e4rmeeinbruch im Januar stellte das Winterprogramm auf den Kopf. Unter anderem konnte auch das Clubrennen nicht durchgef\u00fchrt werden.<\/span><\/td><\/tr><tr><td width=\"83\"><span style=\"color: #000000;\">1956<\/span><\/td><td width=\"531\"><p><span style=\"color: #000000;\">Wegen Schneemangel konnte auch dieses Jahr das Clubrennen nicht durchgef\u00fchrt werden.<\/span><\/p><p>\u00a0<\/p><p><span style=\"color: #000000;\">Da f\u00fcr den bisherigen H\u00fcttenwart kein Ersatz gefunden werden konnte, beschloss man, den H\u00fcttenwart jeweils am Stamm jede Woche neu zu bestimmen.<\/span><\/p><p>\u00a0<\/p><p><span style=\"color: #000000;\">Der SSV beschloss den &#8222;Olympia-Franken&#8220;, um das Defizit von Fr. 28&#8217;000.&#8211;, welches die Schweizer Mannschaft an der Olympiade in Cortina d&#8217;Ampezzo verursachte, zu decken.<\/span><\/p><\/td><\/tr><tr><td width=\"83\"><span style=\"color: #000000;\">1957<\/span><\/td><td width=\"531\"><p><span style=\"color: #000000;\">Der SCW war wieder im Aufwind. Die Clubanl\u00e4sse wurden wieder vermehrt besucht. Es gab die ersten Wirtschafs-Rundbussen am &#8222;Stamm&#8220; in der &#8222;Toggenburg&#8220;.<\/span><\/p><p>\u00a0<\/p><p><span style=\"color: #000000;\">Kaspar Reich, damals ein bekannter Rennfahrer, trat unserem Club bei. Von ihm erhoffte sich die bisherige, kleine Renngruppe einen Auftrieb.<\/span><\/p><\/td><\/tr><tr><td width=\"83\"><span style=\"color: #000000;\">1958<\/span><\/td><td width=\"531\"><span style=\"color: #000000;\">Dieses Jahr stand im Zeichen des 25-j\u00e4hrigen Bestehens. Gr\u00fcndungsmitglieder wurden speziell geehrt. Die Renngruppe, unter der Leitung von Kaspar Reich, nahm mit einigem Erfolg an diversen Rennen teil. So unter anderem auch am OSSV-Rennen in Wildhaus.<\/span><\/td><\/tr><tr><td width=\"83\"><span style=\"color: #000000;\">1959<\/span><\/td><td width=\"531\"><span style=\"color: #000000;\">Der legend\u00e4re Richi Weber wurde zu H\u00fcttenchef ernannt<\/span><\/td><\/tr><tr><td width=\"83\"><span style=\"color: #000000;\">1960<\/span><\/td><td width=\"531\"><span style=\"color: #000000;\">Eine aus dem Club austretende Dame spendete dem SCW 20 Flaschen Bier.<\/span><\/td><\/tr><tr><td width=\"83\"><span style=\"color: #000000;\">1962<\/span><\/td><td width=\"531\"><p><span style=\"color: #000000;\">Anstelle der bisherigen Kombination (Abfahrt und Slalom) wurde das Clubrennen erstmals in zwei Riesenslalom-L\u00e4ufen ausgetragen. Dieser Modus hat sich bis zur heutigen Zeit bew\u00e4hrt.<\/span><\/p><p>\u00a0<\/p><p><span style=\"color: #000000;\">Die Renngruppe bestritt \u00fcber 10 Interclub-Rennen.<\/span><\/p><p>\u00a0<\/p><p><span style=\"color: #000000;\">Der SCW \u00fcbernahm eine Patenschaft f\u00fcr das Schweiz. Jugendskilager in Lenk und startete zudem eine Aktion zur Beschaffung von Skis f\u00fcr Schulkinder, deren Eltern daf\u00fcr nicht die n\u00f6tigen Batzen aufbringen konnten.<\/span><\/p><\/td><\/tr><tr><td width=\"83\"><span style=\"color: #000000;\">1964<\/span><\/td><td width=\"531\"><span style=\"color: #000000;\">Der SCW organisierte im Bleiken den 2-t\u00e4tigen OSSV-Lang- und Staffellauf.<\/span><\/td><\/tr><tr><td width=\"83\"><span style=\"color: #000000;\">1966<\/span><\/td><td width=\"531\"><span style=\"color: #000000;\">Die T\u00e4tigkeit unserer Renngruppe erfuhr eine starke Einschr\u00e4nkung, da verschiedene Rennen wegen Maul- und Klauenseuche abgesagt werden mussten.<\/span><\/td><\/tr><tr><td width=\"83\"><span style=\"color: #000000;\">1967<\/span><\/td><td width=\"531\"><span style=\"color: #000000;\">Dieses Jahr wurde durch die tragischen Skiunf\u00e4lle unserer Renngruppen-Angeh\u00f6rigen Robert Cadisch und Heinz Schlegel \u00fcberschattet.<\/span><\/td><\/tr><tr><td width=\"83\"><span style=\"color: #000000;\">1969<\/span><\/td><td width=\"531\"><span style=\"color: #000000;\">Unter der Leitung von Oswald Koller wurde die JO aufgebaut.<\/span><\/td><\/tr><tr><td width=\"83\"><span style=\"color: #000000;\">1970<\/span><\/td><td width=\"531\"><span style=\"color: #000000;\">Das Clubrennen wurde zusammen mit dem 1. Heberlein-Skitag durchgef\u00fchrt. Zusammen waren \u00fcber 400 Teilnehmer am Start.<\/span><\/td><\/tr><tr><td width=\"83\"><span style=\"color: #000000;\">1971<\/span><\/td><td width=\"531\"><span style=\"color: #000000;\">Man stellte fest, dass die Geselligkeit gr\u00f6sser geschrieben wurde als die Rennt\u00e4tigkeit.<\/span><\/td><\/tr><tr><td width=\"83\"><span style=\"color: #000000;\">1972<\/span><\/td><td width=\"531\"><p><span style=\"color: #000000;\">Der SCW organisierte im Volkshaus-Saal einen OSSV-Ball. Zusammen mit einer Skisport-Ausstellung sowie einer Modeschau wurde der Anlass ein grosser Erfolg, konnte doch der SCW dem OSSV Fr. 9&#8217;000.&#8211; f\u00fcr die Nachwuchsf\u00f6rderung \u00fcberreichen. Der Club wurde daf\u00fcr an der OSSV-Delegiertenversammlung mit einer Goldmedaille geehrt.<\/span><\/p><p>\u00a0<\/p><p><span style=\"color: #000000;\">Der SCW nahm ebenfalls am Empfang zu Ehren von Walter Steiner, Medaillengewinner von Sapporo, teil. Als Geschenk \u00fcberreichte ihm eine Delegation des SCW ein Aquarell.<\/span><\/p><\/td><\/tr><tr><td width=\"83\"><span style=\"color: #000000;\">1973<\/span><\/td><td width=\"531\"><p><span style=\"color: #000000;\">Aufgrund besserer Trainingsm\u00f6glichkeiten in den SC&#8217;s Ulisbach und Speer beschloss man, die JO nicht mehr weiterzuf\u00fchren.<\/span><\/p><p>\u00a0<\/p><p><span style=\"color: #000000;\">Kl\u00e4rli und Sepp Wirth organisierten zum ersten mal im Anschluss an die Hauptversammlung das heute noch beliebte Lottospiel.<\/span><\/p><\/td><\/tr><tr><td width=\"83\"><span style=\"color: #000000;\">1974<\/span><\/td><td width=\"531\"><span style=\"color: #000000;\">Das Abschiedsfest von Tante Berta von der &#8222;Toggenburg&#8220; ging als unvergessliches &#8222;Bombenfest&#8220; in die Geschichte ein.<\/span><\/td><\/tr><tr><td width=\"83\"><span style=\"color: #000000;\">1976<\/span><\/td><td width=\"531\"><span style=\"color: #000000;\">Der Tod unseres langj\u00e4hrigen Vorstandsmitgliedes und allseits beliebten H\u00fcttenchefs Richi Weber, l\u00f6ste gr\u00f6sste Best\u00fcrzung aus. Er pr\u00e4gte das Vereinsgeschehen, insbesondere aber das H\u00fcttenleben, entscheidend.<\/span><\/td><\/tr><tr><td width=\"83\"><span style=\"color: #000000;\">1977<\/span><\/td><td width=\"531\"><span style=\"color: #000000;\">Das Clubrennen wurde durch einen maskierten &#8222;Ski + Er&#8220; &#8211; Langlauf aufgeheitert. Das Absenden wurde in eine Skichilbi verwandelt.<\/span><\/td><\/tr><tr><td width=\"83\"><span style=\"color: #000000;\">1978<\/span><\/td><td width=\"531\"><span style=\"color: #000000;\">Die Sommerwanderung zu Schlegels auf Alp Gwelber, welche danach 20 mal durchgef\u00fchrt wurde, hatte ihr Erstereignis.<\/span><\/td><\/tr><tr><td width=\"83\"><span style=\"color: #000000;\">1980<\/span><\/td><td width=\"531\"><span style=\"color: #000000;\">Mit der grossz\u00fcgigen Spende, welche Richi Weber dem Club vermacht hatte, wurde eine sch\u00f6ne, zweckm\u00e4ssige K\u00fcchenkombination f\u00fcr den Wisboden angeschafft.<\/span><\/td><\/tr><tr><td width=\"83\"><span style=\"color: #000000;\">1982<\/span><\/td><td width=\"531\"><span style=\"color: #000000;\">Kl\u00e4rli und Sepp Wirth traten als langj\u00e4hrige H\u00fcttenwarte zur\u00fcck. Res Schlegel \u00fcbernahm das Amt des H\u00fcttenchefs und veranlasste, dass sich jedes Wochenende andere Clubmitglieder als H\u00fcttenwarte eintragen. Nach diesem Prinzip wird die H\u00fctte heute noch betrieben.<\/span><\/td><\/tr><tr><td width=\"83\"><span style=\"color: #000000;\">1983<\/span><\/td><td width=\"531\"><span style=\"color: #000000;\">Zum 50-j\u00e4hrigen Vereinsbestehen organisierte der SCW im Thurpark-Saal ein Jubil\u00e4umsfest mit Rahmenprogramm und Musik. Diverse Ehreng\u00e4ste wie Gr\u00fcndungsmitglieder und Delegationen aus benachbarten Ski-Clubs etc. wurden eingeladen. Der Anlass war ein grosser Erfolg.<\/span><\/td><\/tr><tr><td width=\"83\"><span style=\"color: #000000;\">1989<\/span><\/td><td width=\"531\"><span style=\"color: #000000;\">Urs Weber \u00fcbernimmt von Daniela Lorenz das Amt des Aktuars, Markus Schlegel dasjenige des Technischen Leiters von Walter R\u00fcegg. J\u00fcrg Schaich \u00fcbernimmt das Kassieramt von Urs Fr\u00fch. Georg Grob ersetzt Res Schlegel als H\u00fctten-Chef.<\/span><\/td><\/tr><tr><td width=\"83\"><span style=\"color: #000000;\">1991<\/span><\/td><td width=\"531\"><span style=\"color: #000000;\">Werner Herzig tritt als Pr\u00e4sident zur\u00fcck. Urs Weber \u00fcbernimmt den Vereins-Vorsitz.<\/span><\/td><\/tr><tr><td width=\"83\"><span style=\"color: #000000;\">1992<\/span><\/td><td width=\"531\"><span style=\"color: #000000;\">Daniela Vetsch \u00fcbernimmt das Kassieramt von J\u00fcrg Schaich.<\/span><\/td><\/tr><tr><td width=\"83\"><span style=\"color: #000000;\">1995<\/span><\/td><td width=\"531\"><span style=\"color: #000000;\">Christian Hari \u00fcbernimmt das Amt des H\u00fctten-Chefs von Georg Grob.<\/span><\/td><\/tr><tr><td width=\"83\"><span style=\"color: #000000;\">1997<\/span><\/td><td width=\"531\"><p><span style=\"color: #000000;\">Die Lifte der Sportbahnen Girlen bleiben f\u00fcr immer abgestellt. Man untersuchte viele M\u00f6glichkeiten, um unseren Hausberg noch zu retten. In Anbetracht der hohen anstehenden Renovationskosten sowie der schneearmen Winter der letzten Jahre wurde im Gremium (Gemeinde Ebnat-Kappel, SC Speer, SC Ulisbach und unser Club) &#8222;Gr\u00fcn-Licht&#8220; f\u00fcr den Abbruch der Liftanlagen gegeben.<\/span><\/p><p>\u00a0<\/p><p><span style=\"color: #000000;\">Yvonne B\u00f6sch \u00fcbernimmt von Barbara Looser das Amt der Aktuarin.<\/span><\/p><p>\u00a0<\/p><p><span style=\"color: #000000;\">Kurt Schlegel tritt an die Stelle von Markus Schlegel als Technischer Leiter.<\/span><\/p><\/td><\/tr><tr><td width=\"83\"><span style=\"color: #000000;\">1998<\/span><\/td><td width=\"531\"><span style=\"color: #000000;\">Die traditionelle Parsenn-Tour wurde mangels Interesse zum letzten Mal durchgef\u00fchrt.<\/span><\/td><\/tr><tr><td width=\"83\"><span style=\"color: #000000;\">1999<\/span><\/td><td width=\"531\"><p><span style=\"color: #000000;\">Der SCW k\u00fcndigte den Mietvertrag auf dem Wisboden per 30. April 1999.<\/span><\/p><p><span style=\"color: #000000;\">Der Verein wollte wieder eine H\u00fctte in einem Skigbiet betreiben.<\/span><\/p><p>\u00a0<\/p><p><span style=\"color: #000000;\">Nach 20 Jahren wurde die Sommerwanderung auf die Alp Gwelber zum letzten mal durchgef\u00fchrt.<\/span><\/p><p>\u00a0<\/p><p><span style=\"color: #000000;\">F\u00fcr den Winter 1999 \/ 2000 hatten wir keine Club-H\u00fctte.<\/span><\/p><\/td><\/tr><tr><td width=\"83\"><span style=\"color: #000000;\">2000<\/span><\/td><td width=\"531\"><p><span style=\"color: #000000;\">Wir haben eine neue Skih\u00fctte !<\/span><\/p><p><span style=\"color: #000000;\">Auf der Alp &#8222;Hotteien&#8220; im Skigebiet Krummenau \/ Wolzenalp konnten wir per 1. Mai 2000<\/span><\/p><p><span style=\"color: #000000;\">einen langfristigen Mietvertrag mit der Ortsgemeinde Wattwil (Besitzerin der H\u00fctte)<\/span><\/p><p><span style=\"color: #000000;\">abschliessen. Ueber den Sommer wurde unser neues Club-Heim umgebaut.<\/span><\/p><\/td><\/tr><tr><td width=\"83\"><span style=\"color: #000000;\">2001<\/span><\/td><td width=\"531\"><span style=\"color: #000000;\">Alice Rhiner \u00fcbernimmt von Daniela B\u00f6sch das Amt der Kassierin.<\/span><\/td><\/tr><tr><td width=\"83\"><span style=\"color: #000000;\">2002<\/span><\/td><td width=\"531\"><span style=\"color: #000000;\">Der SC Wattwil tritt der Trainingsgemeinschaft Wolzen bei.<\/span><\/td><\/tr><tr><td width=\"83\"><span style=\"color: #000000;\">2005<\/span><\/td><td width=\"531\"><p><span style=\"color: #000000;\">Urs Weber \u00fcbergibt nach 14 Amtsjahren das Amt des Pr\u00e4sidenten an Yvonne B\u00f6sch. Sie ist die erste Pr\u00e4sidentin in der Geschichte des SCW. An ihre bisherige Stelle als Aktuarin tritt Carmen Stoller.<\/span><\/p><p>\u00a0<\/p><p><span style=\"color: #000000;\">Der Vorstand wird um den Posten &#8222;JO-Chef&#8220; auf 6 Mitglieder aufgestockt. Christian Hari \u00fcbernimmt dieses Amt.<\/span><\/p><p>\u00a0<\/p><p><span style=\"color: #000000;\">Der Mitgliederbeitrag wird nach fat 45 Jahren von Fr. 10.- auf Fr. 15.- erh\u00f6ht. Die dadurch entstehenden Mehreinnahmen werden im SCW-Nachwuchsbereich eingesetzt.<\/span><\/p><\/td><\/tr><tr><td width=\"83\"><span style=\"color: #000000;\">2007<\/span><\/td><td width=\"531\"><p><span style=\"color: #000000;\">Thomas Schmocker \u00fcbergibt das Amt des H\u00fcttenchefs an Monika G\u00fcttinger.<\/span><\/p><p>\u00a0<\/p><p><span style=\"color: #000000;\">Alice Keller \u00fcbergibt die Kassier-Funktion an J\u00fcrg Anderegg.<\/span><\/p><p>\u00a0<\/p><p><span style=\"color: #000000;\">Herbert Risch \u00fcbergibt das Revisorenamt nach 30 Amtsjahren an Heidi Hotz.<\/span><\/p><\/td><\/tr><tr><td width=\"83\"><span style=\"color: #000000;\">2008<\/span><\/td><td width=\"531\"><span style=\"color: #000000;\">Der Skiclub Wattwil feiert sein 75-j\u00e4hriges Bestehen. Zu diesem Anlass wird im September ein Jubil\u00e4ums-Fest im Rest. Thurpark durchgef\u00fchrt.<\/span><\/td><\/tr><tr><td width=\"83\"><span style=\"color: #000000;\">2009<\/span><\/td><td width=\"531\"><p><span style=\"color: #000000;\">Yvonne B\u00f6sch tritt nach 12 Jahren Vorstandt\u00e4tigkeiten zur\u00fcck. 7 Jahre amtete sie als Aktuarin, ab 2005 als Pr\u00e4sidentin. Neuer Pr\u00e4sident wird Heinz Lusti.<\/span><\/p><p>\u00a0<\/p><p><span style=\"color: #000000;\">Kurt Schlegel tritt nach 12 Jahren Vorstandst\u00e4tigkeiten zur\u00fcck. Er war Technischer Leiter und Vize-Pr\u00e4sident. Sein Nachfolger wird J\u00fcrg Hilbi.<\/span><\/p><p>\u00a0<\/p><p><span style=\"color: #000000;\">Christian Hari amtete von 2005 &#8211; 2009 als JO-Chef. Er tritt zur\u00fcck und \u00fcbergibt das Amt an Hansruedi W\u00e4lle.<\/span><\/p><\/td><\/tr><tr><td width=\"83\"><span style=\"color: #000000;\">2010<\/span><\/td><td width=\"531\"><span style=\"color: #000000;\">Aufgrund der schlechten Schnee- und Wetterverh\u00e4ltnisse konnte das Clubrennen nicht durchgef\u00fchrt werden.<\/span><\/td><\/tr><\/tbody><\/table><p>\u00a0<\/p>\t\t\t\t\t\t<\/div>\n\t\t\t\t<\/div>\n\t\t\t\t\t<\/div>\n\t\t<\/div>\n\t\t\t\t\t\t\t<\/div>\n\t\t<\/section>\n\t\t\t\t\t\t\t<\/div>\n\t\t","protected":false},"excerpt":{"rendered":"<p>SC Wattwil &#8211; Geschichte 1933 bis 2009 \u00a0 Ewige Pr\u00e4sidentenliste \u00a0 Otto Aerne 1933 &#8211; 1946 Ulrich Fischbacher 1947 &#8211; 1950 Alfred Rutz 1951 &#8211; 1954 Leo Meier 1955 &#8211; 1960 J\u00fcrg Sch\u00e4llibaum 1961 &#8211; 1964 Leo Meier 1965 &#8211; 1969 Sepp Wirth 1970 &#8211; 1974 Urs Abderhalden 1975 &#8211; 1980 Werner Herzig 1981 &#8211;&hellip;&nbsp;<a href=\"http:\/\/scwattwil.ch\/wordpress\/index.php\/verein\/geschichte\/\" class=\"\" rel=\"bookmark\">Weiterlesen &raquo;<span class=\"screen-reader-text\">Geschichte<\/span><\/a><\/p>\n","protected":false},"author":1,"featured_media":0,"parent":72,"menu_order":2,"comment_status":"closed","ping_status":"closed","template":"page-templates\/template-pagebuilder-full-width.php","meta":{"neve_meta_sidebar":"full-width","neve_meta_container":"","neve_meta_enable_content_width":"on","neve_meta_content_width":100,"neve_meta_title_alignment":"","neve_meta_author_avatar":"","neve_post_elements_order":"","neve_meta_disable_header":"","neve_meta_disable_footer":"","neve_meta_disable_title":"","footnotes":""},"_links":{"self":[{"href":"http:\/\/scwattwil.ch\/wordpress\/index.php\/wp-json\/wp\/v2\/pages\/223"}],"collection":[{"href":"http:\/\/scwattwil.ch\/wordpress\/index.php\/wp-json\/wp\/v2\/pages"}],"about":[{"href":"http:\/\/scwattwil.ch\/wordpress\/index.php\/wp-json\/wp\/v2\/types\/page"}],"author":[{"embeddable":true,"href":"http:\/\/scwattwil.ch\/wordpress\/index.php\/wp-json\/wp\/v2\/users\/1"}],"replies":[{"embeddable":true,"href":"http:\/\/scwattwil.ch\/wordpress\/index.php\/wp-json\/wp\/v2\/comments?post=223"}],"version-history":[{"count":13,"href":"http:\/\/scwattwil.ch\/wordpress\/index.php\/wp-json\/wp\/v2\/pages\/223\/revisions"}],"predecessor-version":[{"id":366,"href":"http:\/\/scwattwil.ch\/wordpress\/index.php\/wp-json\/wp\/v2\/pages\/223\/revisions\/366"}],"up":[{"embeddable":true,"href":"http:\/\/scwattwil.ch\/wordpress\/index.php\/wp-json\/wp\/v2\/pages\/72"}],"wp:attachment":[{"href":"http:\/\/scwattwil.ch\/wordpress\/index.php\/wp-json\/wp\/v2\/media?parent=223"}],"curies":[{"name":"wp","href":"https:\/\/api.w.org\/{rel}","templated":true}]}}