{"id":390,"date":"2023-09-10T12:04:04","date_gmt":"2023-09-10T12:04:04","guid":{"rendered":"http:\/\/scwattwil.ch\/wordpress\/?page_id=390"},"modified":"2023-09-10T12:09:10","modified_gmt":"2023-09-10T12:09:10","slug":"elementor-390","status":"publish","type":"page","link":"http:\/\/scwattwil.ch\/wordpress\/index.php\/verein\/elementor-390\/","title":{"rendered":"Statuten"},"content":{"rendered":"\t\t<div data-elementor-type=\"wp-page\" data-elementor-id=\"390\" class=\"elementor elementor-390\">\n\t\t\t\t\t\t\t\t\t<section class=\"elementor-section elementor-top-section elementor-element elementor-element-3e6e185 elementor-section-boxed elementor-section-height-default elementor-section-height-default\" data-id=\"3e6e185\" data-element_type=\"section\">\n\t\t\t\t\t\t<div class=\"elementor-container elementor-column-gap-default\">\n\t\t\t\t\t<div class=\"elementor-column elementor-col-100 elementor-top-column elementor-element elementor-element-3088063\" data-id=\"3088063\" data-element_type=\"column\">\n\t\t\t<div class=\"elementor-widget-wrap elementor-element-populated\">\n\t\t\t\t\t\t\t\t<div class=\"elementor-element elementor-element-b387123 elementor-widget elementor-widget-text-editor\" data-id=\"b387123\" data-element_type=\"widget\" data-widget_type=\"text-editor.default\">\n\t\t\t\t<div class=\"elementor-widget-container\">\n\t\t\t\t\t\t\t<p style=\"text-align: center;\"><strong><span style=\"font-size: 36pt; color: #000000;\">Statuten SC Wattwil<\/span><\/strong><\/p><ol><li><strong><span style=\"color: #000000;\"> Name und Sitz<\/span><\/strong><\/li><\/ol><p><strong><span style=\"color: #000000;\">Art. 1\u00a0\u00a0\u00a0\u00a0\u00a0\u00a0\u00a0 Der SC Wattwil ist ein Verein nach schweizerischem Recht und untersteht den Bestimmungen von Art. 60 ff ZGB. Der SC Wattwil hat Sitz in Wattwil.<\/span><\/strong><\/p><p><strong><span style=\"color: #000000;\">Art. 2\u00a0\u00a0\u00a0\u00a0\u00a0\u00a0\u00a0 Der SC Wattwil geh\u00f6rt mit allen seinen Mitgliedern dem SSV (Swiss-Ski) und dem Regionalverband OSSV an. Der SC Wattwil ist diesen beiden Verb\u00e4nden gegen\u00fcber beitragspflichtig und die Statuten von Swiss-Ski und Regionalverband (OSSV) bilden erg\u00e4nzende Bestandteile zu diesen Statuten.<\/span><\/strong><\/p><ol start=\"2\"><li><strong><span style=\"color: #000000;\"> Zweck und Ziel<\/span><\/strong><\/li><\/ol><p><strong><span style=\"color: #000000;\">Art. 3\u00a0\u00a0\u00a0\u00a0\u00a0\u00a0\u00a0 Der SC Wattwil bezweckt die F\u00f6rderung und Pflege des Schneesports sowie die Kameradschaft und Geselligkeit. Er ist sowohl politisch wie konfessionell neutral.<\/span><\/strong><\/p><p><strong><span style=\"color: #000000;\">Art. 4\u00a0\u00a0\u00a0\u00a0\u00a0\u00a0\u00a0 Die Ziele des SC Wattwils sind folgende:<\/span><\/strong><\/p><p><strong><span style=\"color: #000000;\">\u00a0\u00a0\u00a0\u00a0\u00a0\u00a0\u00a0\u00a0\u00a0\u00a0\u00a0\u00a0\u00a0\u00a0\u00a0\u00a0 &#8211; F\u00f6rderung aller Schneesportarten<\/span><\/strong><\/p><p><strong><span style=\"color: #000000;\">\u00a0\u00a0\u00a0\u00a0\u00a0\u00a0\u00a0\u00a0\u00a0\u00a0\u00a0\u00a0\u00a0\u00a0\u00a0\u00a0 &#8211; Pflege der Kameradschaft<\/span><\/strong><\/p><p><strong><span style=\"color: #000000;\">Art. 5\u00a0\u00a0\u00a0\u00a0\u00a0\u00a0\u00a0 Der SC Wattwil erreicht seine Ziele durch folgende Aktivit\u00e4ten:<\/span><\/strong><\/p><p><strong><span style=\"color: #000000;\">\u00a0\u00a0\u00a0\u00a0\u00a0\u00a0\u00a0\u00a0\u00a0\u00a0\u00a0\u00a0\u00a0\u00a0\u00a0\u00a0 &#8211; F\u00fchren von Jugendorganisationen in allen Schneesportarten<\/span><\/strong><\/p><p><strong><span style=\"color: #000000;\">\u00a0\u00a0\u00a0\u00a0\u00a0\u00a0\u00a0\u00a0\u00a0\u00a0\u00a0\u00a0\u00a0\u00a0\u00a0\u00a0 &#8211; Unterst\u00fctzung von Trainingsgemeinschaften<\/span><\/strong><\/p><p><strong><span style=\"color: #000000;\">\u00a0\u00a0\u00a0\u00a0\u00a0\u00a0\u00a0\u00a0\u00a0\u00a0\u00a0\u00a0\u00a0\u00a0\u00a0\u00a0 &#8211; Betreiben einer Clubh\u00fctte<\/span><\/strong><\/p><p><strong><span style=\"color: #000000;\">\u00a0\u00a0\u00a0\u00a0\u00a0\u00a0\u00a0\u00a0\u00a0\u00a0\u00a0\u00a0\u00a0\u00a0\u00a0\u00a0 &#8211; Winter- und Sommer-Aktivit\u00e4ten<\/span><\/strong><\/p><ol start=\"3\"><li><strong><span style=\"color: #000000;\"> Mitgliedschaft<\/span><\/strong><\/li><\/ol><p><strong><span style=\"color: #000000;\">Art. 6\u00a0\u00a0\u00a0\u00a0\u00a0\u00a0\u00a0 Mitglieder des SC Wattwil sind:<\/span><\/strong><\/p><p><strong><span style=\"color: #000000;\">\u00a0\u00a0\u00a0\u00a0\u00a0\u00a0\u00a0\u00a0\u00a0\u00a0\u00a0\u00a0\u00a0\u00a0\u00a0\u00a0 &#8211; Aktive Mitglieder<\/span><\/strong><\/p><p><strong><span style=\"color: #000000;\">\u00a0\u00a0\u00a0\u00a0\u00a0\u00a0\u00a0\u00a0\u00a0\u00a0\u00a0\u00a0\u00a0\u00a0\u00a0\u00a0 &#8211; Junioren<\/span><\/strong><\/p><p><strong><span style=\"color: #000000;\">Art. 7\u00a0\u00a0\u00a0\u00a0\u00a0\u00a0\u00a0 Junioren sind Clubmitglieder gem\u00e4ss den zul\u00e4ssigen Jahrg\u00e4ngen der FIS, bis sie das 19. Altersjahr vollendet haben.<\/span><\/strong><\/p><p><strong><span style=\"color: #000000;\">Art. 8\u00a0\u00a0\u00a0\u00a0\u00a0\u00a0\u00a0 <u>Aufnahme von Clubmitgliedern<\/u><\/span><\/strong><\/p><p><strong><span style=\"color: #000000;\">\u00a0\u00a0\u00a0\u00a0\u00a0\u00a0\u00a0\u00a0\u00a0\u00a0\u00a0\u00a0\u00a0\u00a0\u00a0\u00a0 In den SC Wattwil werden Damen und Herren aufgenommen, gem\u00e4ss den zul\u00e4ssigen Jahrg\u00e4ngen der FIS. Die Anmeldung erfolgt m\u00fcndlich oder schriftlich beim Vorstand. Die Aufnahme erfolgt durch den Vorstand unter Vorbehalt der Genehmigung durch die Mitgliederversammlung. Jedem Clubmitglied wird der Beitritt in den Schweizerischen Skiverband (SSV) freigestellt.<\/span><\/strong><\/p><p><strong><span style=\"color: #000000;\">Art. 9\u00a0\u00a0\u00a0\u00a0\u00a0\u00a0\u00a0 <u>Wechsel der Mitgliederkategorie<\/u><\/span><\/strong><\/p><p><strong><span style=\"color: #000000;\">\u00a0\u00a0\u00a0\u00a0\u00a0\u00a0\u00a0\u00a0\u00a0\u00a0\u00a0\u00a0\u00a0\u00a0\u00a0\u00a0 Ein Antrag auf Wechsel der Mitgliedschaftskategorie innerhalb des Clubs muss dem Vorstand bis sp\u00e4testens zwei Monate vor Ende des Rechnungsjahres eingereicht werden. Nach Ablauf dieser Frist gilt die bisherige Mitgliedschaft f\u00fcr das folgende Rechnungsjahr als erneuert.<\/span><\/strong><\/p><p><strong><span style=\"color: #000000;\">Art. 10\u00a0\u00a0\u00a0\u00a0\u00a0 <u>Ausschluss von Mitgliedern<\/u><\/span><\/strong><\/p><p><strong><span style=\"color: #000000;\">\u00a0\u00a0\u00a0\u00a0\u00a0\u00a0\u00a0\u00a0\u00a0\u00a0\u00a0\u00a0\u00a0\u00a0\u00a0\u00a0 Ein Mitglied, das seinen finanziellen Verpflichtungen gegen\u00fcber dem Club trotz wiederholter Mahnung nicht nachkommt, oder das durch sein Verhalten dem Ansehen des Clubs in grober Weise geschadet hat, kann auf Antrag des Vorstandes von der Mitgliederversammlung aus dem Club ausgeschlossen werden.<\/span><\/strong><\/p><p><strong><span style=\"color: #000000;\">Art. 11\u00a0\u00a0\u00a0\u00a0\u00a0 <u>Ende der Mitgliedschaft<\/u><\/span><\/strong><\/p><p><strong><span style=\"color: #000000;\">\u00a0\u00a0\u00a0\u00a0\u00a0\u00a0\u00a0\u00a0\u00a0\u00a0\u00a0\u00a0\u00a0\u00a0\u00a0\u00a0 Die Mitgliedschaft erlischt durch Austritt, Ausschluss oder Tod des Mitglieds sowie durch Aufl\u00f6sung des Clubs. Eine Austrittserkl\u00e4rung aus dem Club muss dem Vorstand bis sp\u00e4testens 2 Monate vor Ablauf des Rechnungsjahres schriftlich eingereicht werden. Nach Ablauf dieser Frist gilt die Mitgliedschaft f\u00fcr das laufende Vereinsjahr als erneuert.<\/span><\/strong><\/p><p><strong><span style=\"color: #000000;\">Art. 12\u00a0\u00a0\u00a0\u00a0\u00a0 <u>Mitgliederbeitrag<\/u><\/span><\/strong><\/p><p><strong><span style=\"color: #000000;\">\u00a0\u00a0\u00a0\u00a0\u00a0\u00a0\u00a0\u00a0\u00a0\u00a0\u00a0\u00a0\u00a0\u00a0\u00a0\u00a0 Die Jahresbeitr\u00e4ge f\u00fcr alle Mitgliederkategorien des SC Wattwils werden von der Mitgliederversammlung j\u00e4hrlich festgesetzt. Sie werden jeweils im Dezember f\u00fcr das laufende Jahr erhoben. Der Mitgliederbeitrag betr\u00e4gt h\u00f6chstens 100.00 Sfr.<\/span><\/strong><\/p><p><strong><span style=\"color: #000000;\">\u00a0\u00a0\u00a0\u00a0\u00a0\u00a0\u00a0\u00a0\u00a0\u00a0\u00a0\u00a0\u00a0\u00a0\u00a0\u00a0<\/span><\/strong><\/p><p><strong><span style=\"color: #000000;\">\u00a0\u00a0\u00a0\u00a0\u00a0\u00a0\u00a0\u00a0\u00a0\u00a0\u00a0\u00a0\u00a0\u00a0\u00a0\u00a0 Die Swiss-Ski-Jahresbeitr\u00e4ge aller Clubmitglieder, f\u00fcr die der Club beitragspflichtig ist, werden vom Club bezahlt.<\/span><\/strong><\/p><p><strong><span style=\"color: #000000;\">Art. 13\u00a0\u00a0\u00a0\u00a0\u00a0 <u>Haftung<\/u><\/span><\/strong><\/p><p><strong><span style=\"color: #000000;\">\u00a0\u00a0\u00a0\u00a0\u00a0\u00a0\u00a0\u00a0\u00a0\u00a0\u00a0\u00a0\u00a0\u00a0\u00a0\u00a0 F\u00fcr die Verbindlichkeiten des SC Wattwils haftet einzig das Clubverm\u00f6gen. Jede pers\u00f6nliche Haftung des Vereinsmitglieds ist ausgeschlossen.<\/span><\/strong><\/p><ol start=\"4\"><li><strong><span style=\"color: #000000;\"> Organe des SC Wattwil<\/span><\/strong><\/li><\/ol><p><strong><span style=\"color: #000000;\">Art. 14\u00a0\u00a0\u00a0\u00a0\u00a0 Die Organe des SC Wattwils sind:<\/span><\/strong><\/p><ol><li><strong><span style=\"color: #000000;\">die Mitgliederversammlung<\/span><\/strong><\/li><li><strong><span style=\"color: #000000;\">der Vorstand<\/span><\/strong><\/li><li><strong><span style=\"color: #000000;\">die Rechnungsrevisoren<\/span><\/strong><\/li><\/ol><p><strong><span style=\"color: #000000;\">Art. 15\u00a0\u00a0\u00a0\u00a0\u00a0 Die Mitgliederversammlung ist das oberste Organ des SC Wattwils. Sie findet jedes Jahr innerhalb von 60 Tagen nach Abschluss des Rechnungsjahres als ordentliche Mitgliederversammlung statt. Die Einladung erfolgt wenigstens 14 Tage vor dem Datum der Mitgliederversammlung unter Angabe der Traktanden.<\/span><\/strong><\/p><p><strong><span style=\"color: #000000;\">\u00a0\u00a0\u00a0\u00a0\u00a0\u00a0\u00a0\u00a0\u00a0\u00a0\u00a0\u00a0\u00a0\u00a0\u00a0\u00a0 Die Mitgliederversammlung wird vom Pr\u00e4sidenten geleitet. Wenn dieser verhindert ist tritt an seiner Stelle der Vizepr\u00e4sident oder ein vom Vorstand vorgeschlagener und von der Hauptversammlung gew\u00e4hlter Versammlungspr\u00e4sident.<\/span><\/strong><\/p><p><strong><span style=\"color: #000000;\">Art. 16\u00a0\u00a0\u00a0\u00a0\u00a0 die Mitgliederversammlung entscheidet \u00fcber folgende Vereinsgesch\u00e4fte:<\/span><\/strong><\/p><ol><li><strong><span style=\"color: #000000;\">Wahl der Mitglieder des Vorstandes und der Rechnungsrevisoren<\/span><\/strong><\/li><li><strong><span style=\"color: #000000;\">Genehmigung des Jahresberichts des Vorstands, der Jahresrechnung und des Budgets sowie des Berichts der Rechnungsrevisoren, Erteilung der D\u00e9charge<\/span><\/strong><\/li><li><strong><span style=\"color: #000000;\">Aufnahme und Ausschluss von Clubmitgliedern<\/span><\/strong><\/li><li><strong><span style=\"color: #000000;\">Festsetzung der Jahresbeitr\u00e4ge f\u00fcr alle Mitgliederkategorien<\/span><\/strong><\/li><li><strong><span style=\"color: #000000;\">\u00c4nderung der Statuten oder Anschluss an einen Verband<\/span><\/strong><\/li><li><strong><span style=\"color: #000000;\">Genehmigung von Reglementen<\/span><\/strong><\/li><li><strong><span style=\"color: #000000;\">Erledigung von Beschwerden gegen\u00fcber dem Vorstand<\/span><\/strong><\/li><li><strong><span style=\"color: #000000;\">Aufl\u00f6sung des Ski-Cubs<\/span><\/strong><\/li><li><strong><span style=\"color: #000000;\">Beschlussfassung \u00fcber Antr\u00e4ge der Mitglieder, die mind. 10 Tage vor der Versammlung schriftlich an den Pr\u00e4sidenten eingereicht wurden.<\/span><\/strong><\/li><\/ol><p><strong><span style=\"color: #000000;\">Art. 17\u00a0\u00a0\u00a0\u00a0\u00a0 Die Mitgliederversammlung ist beschlussf\u00e4hig, wenn mindestens 10% oder 10 stimmberechtigte Mitglieder des SC Wattwil anwesend sind. Ist eine statutengem\u00e4ss eiberufene Mitgliederversammlung nicht beschlussf\u00e4hig, so muss sie innert Monatsfrist erneut einberufen werden. Diese Mitgliederversammlung ist auf jeden Fall beschlussf\u00e4hig, was auf der Einladung ausdr\u00fccklich zu vermerken ist.<\/span><\/strong><\/p><p><strong><span style=\"color: #000000;\">\u00a0\u00a0\u00a0\u00a0\u00a0\u00a0\u00a0\u00a0\u00a0\u00a0\u00a0\u00a0\u00a0\u00a0\u00a0\u00a0 Bei Wahlen und Abstimmungen gilt das einfache Mehr der anwesenden Stimmberechtigten. Bei Stimmengleichheit f\u00e4llt der Pr\u00e4sident den Stichentscheid.<\/span><\/strong><\/p><p><strong><span style=\"color: #000000;\">\u00a0\u00a0\u00a0\u00a0\u00a0\u00a0\u00a0\u00a0\u00a0\u00a0\u00a0\u00a0\u00a0\u00a0\u00a0\u00a0 Wahlen und Abstimmungen werden offen vorgenommen, sofern nicht geheime Durchf\u00fchrung verlangt und von der Mitgliederversammlung beschlossen wird.<\/span><\/strong><\/p><p><strong><span style=\"color: #000000;\">Art. 18\u00a0\u00a0\u00a0\u00a0\u00a0 Eine ausserordentliche Mitgliederversammlung kann vom Vorstand einberufen werden. Durch schriftlichen Antrag von mindestens einem F\u00fcnftel der stimmberechtigten Mitglieder wird der Vorstand dazu verpflichtet.<\/span><\/strong><\/p><p><strong><span style=\"color: #000000;\">Art. 19\u00a0\u00a0\u00a0\u00a0\u00a0 Der Vorstand des SC Wattwil besteht aus maximal 8 Mitgliedern, wobei jeweils folgende Funktionen fest zugeteilt sind:<\/span><\/strong><\/p><p><strong><span style=\"color: #000000;\">\u00a0\u00a0\u00a0\u00a0\u00a0\u00a0\u00a0\u00a0\u00a0\u00a0\u00a0\u00a0\u00a0\u00a0\u00a0\u00a0 &#8211; Pr\u00e4sident<\/span><\/strong><\/p><p><strong><span style=\"color: #000000;\">\u00a0\u00a0\u00a0\u00a0\u00a0\u00a0\u00a0\u00a0\u00a0\u00a0\u00a0\u00a0\u00a0\u00a0\u00a0\u00a0 &#8211; Vizepr\u00e4sident<\/span><\/strong><\/p><p><strong><span style=\"color: #000000;\">\u00a0\u00a0\u00a0\u00a0\u00a0\u00a0\u00a0\u00a0\u00a0\u00a0\u00a0\u00a0\u00a0\u00a0\u00a0\u00a0 &#8211; Aktuar<\/span><\/strong><\/p><p><strong><span style=\"color: #000000;\">\u00a0\u00a0\u00a0\u00a0\u00a0\u00a0\u00a0\u00a0\u00a0\u00a0\u00a0\u00a0\u00a0\u00a0\u00a0\u00a0 &#8211; Kassier<\/span><\/strong><\/p><p><strong><span style=\"color: #000000;\">\u00a0\u00a0\u00a0\u00a0\u00a0\u00a0\u00a0\u00a0\u00a0\u00a0\u00a0\u00a0\u00a0\u00a0\u00a0\u00a0 &#8211; Technischer Leiter<\/span><\/strong><\/p><p><strong><span style=\"color: #000000;\">\u00a0\u00a0\u00a0\u00a0\u00a0\u00a0\u00a0\u00a0\u00a0\u00a0\u00a0\u00a0\u00a0\u00a0\u00a0\u00a0 &#8211; JO Chef<\/span><\/strong><\/p><p><strong><span style=\"color: #000000;\">\u00a0\u00a0\u00a0\u00a0\u00a0\u00a0\u00a0\u00a0\u00a0\u00a0\u00a0\u00a0\u00a0\u00a0\u00a0\u00a0 &#8211; H\u00fcttenchef<\/span><\/strong><\/p><p><strong><span style=\"color: #000000;\">\u00a0\u00a0\u00a0\u00a0\u00a0\u00a0\u00a0\u00a0\u00a0\u00a0\u00a0\u00a0\u00a0\u00a0\u00a0\u00a0 F\u00fcr Beschlussfassungen gilt, sofern es die Statuten nicht anders vorsehen, das einfache Mehr mit Stichentscheid des Pr\u00e4sidenten resp. Sitzungsleiters bei Stimmengleichheit.<\/span><\/strong><\/p><p><strong><span style=\"color: #000000;\">\u00a0\u00a0\u00a0\u00a0\u00a0\u00a0\u00a0\u00a0\u00a0\u00a0\u00a0\u00a0\u00a0\u00a0\u00a0\u00a0 Im \u00dcbrigen organisiert sich der Vorstand selber. Bei der Bildung des Vorstandes wird ber\u00fccksichtigt, dass die verschiedenen Abteilungen gen\u00fcgend vertreten sind.<\/span><\/strong><\/p><p><strong><span style=\"color: #000000;\">\u00a0\u00a0\u00a0\u00a0\u00a0\u00a0\u00a0\u00a0\u00a0\u00a0\u00a0\u00a0\u00a0\u00a0\u00a0\u00a0 Die Mitglieder des Vorstandes werden von der Mitgliederversammlung auf die Dauer von zwei Jahren gew\u00e4hlt. Bei Ersatzwahlen wird das neue Vorstandsmitglied f\u00fcr den Rest der ordentlichen Amtsdauer gew\u00e4hlt. Wiederwahl ist zul\u00e4ssig. Der Vorstand ist beschlussf\u00e4hig bei Anwesenheit von mindestens 4 Mitgliedern.<\/span><\/strong><\/p><p><strong><span style=\"color: #000000;\">Art. 20\u00a0\u00a0\u00a0\u00a0\u00a0 Dem Vorstand obliegt die F\u00fchrung des SC Wattwil. Er verf\u00fcgt \u00fcber s\u00e4mtliche Entscheidkompetenzen des Clubs, die nicht ausdr\u00fccklich einem anderen Organ zugewiesen sind. Er besorgt die laufenden Angelegenheiten des Clubs.<\/span><\/strong><\/p><p><strong><span style=\"color: #000000;\">\u00a0\u00a0\u00a0\u00a0\u00a0\u00a0\u00a0\u00a0\u00a0\u00a0\u00a0\u00a0\u00a0\u00a0\u00a0\u00a0 Der Vorstand vertritt den Club nach aussen. Er zeichnet durch die Unterschrift des Pr\u00e4sidenten und eines weiteren Vorstandsmitgliedes (im Normfall der Aktuar). F\u00e4llt der Pr\u00e4sident aus, tritt an seine Stelle der Vizepr\u00e4sident.<\/span><\/strong><\/p><p><strong><span style=\"color: #000000;\">Art. 21\u00a0\u00a0\u00a0\u00a0\u00a0 Der Vorstand verf\u00fcgt \u00fcber die Ausgabenkompetenzen im Rahmen des von der Mitgliederversammlung genehmigten Budgets. Verpflichtungen \u00fcber Rahmen des Budgets hinaus darf er nur mit Genehmigung der Mitgliederversammlung eingehen.<\/span><\/strong><\/p><p><strong><span style=\"color: #000000;\">\u00a0\u00a0\u00a0\u00a0\u00a0\u00a0\u00a0\u00a0\u00a0\u00a0\u00a0\u00a0\u00a0\u00a0\u00a0\u00a0 Die Ausgabenkompetenz des Vorstandes f\u00fcr nicht budgetierte Ausgaben wird auf Fr. 5&#8217;000.00 pro Jahr festgelegt.<\/span><\/strong><\/p><p><strong><span style=\"color: #000000;\">Art. 22\u00a0\u00a0\u00a0\u00a0\u00a0 Die zwei Rechnungsrevisoren werden jeweils f\u00fcr eine Amtsdauer von 2 Jahren von der Mitgliederversammlung gew\u00e4hlt. Wiederwahl ist zul\u00e4ssig. Den Rechnungsrevisoren obliegt die Kontrolle der Rechnungsf\u00fchrung des Vorstandes. Sie erstatten der Mitgliederversammlung Bericht \u00fcber die Kontrollen und stellen Antr\u00e4ge (Beschluss \u00fcber die Jahresrechnung und Erteilung der D\u00e9charge an den Vorstand).<\/span><\/strong><\/p><ol start=\"5\"><li><strong><span style=\"color: #000000;\"> Verschiedenes<\/span><\/strong><\/li><\/ol><p><strong><span style=\"color: #000000;\">Art. 23\u00a0\u00a0\u00a0\u00a0\u00a0 Das Rechnungsjahr des SC Wattwil dauert vom 1. September bis zum 31. August.<\/span><\/strong><\/p><p><strong><span style=\"color: #000000;\">Art. 24\u00a0\u00a0\u00a0\u00a0\u00a0 Eine Statuten\u00e4nderung kann nur mit Zweidrittelsmehrheit der an der Mitgliederversammlung vertretenen Stimmen beschlossen werden.<\/span><\/strong><\/p><p><strong><span style=\"color: #000000;\">Art. 25\u00a0\u00a0\u00a0\u00a0\u00a0 Eine Aufl\u00f6sung des SC Wattwil erfolgt auf dem Weg der Statuten\u00e4nderung. Solange sich zehn stimmberechtigte Mitglieder zur Weiterf\u00fchrung des Clubs bereit erkl\u00e4ren, kann der SC Wattwil nicht aufgel\u00f6st werden. Im Falle der Aufl\u00f6sung des Clubs wird das Vereinsverm\u00f6gen nach Bezahlung aller Verbindlichkeiten beim Regionalverband OSSV zur treuh\u00e4nderischen Verwaltung hinterlegt. Wird innerhalb von 10 Jahren nach Aufl\u00f6sung kein neuer Skiclub gegr\u00fcndet, geht das Verm\u00f6gen als Schenkung an die Gemeinde Wattwil zur F\u00f6rderung des Sports in der Gemeinde, insbesondere der Jugendf\u00f6rderung.<\/span><\/strong><\/p><p><strong><span style=\"color: #000000;\">Art. 26\u00a0\u00a0\u00a0\u00a0\u00a0 \u00dcber alle in diesen Statuten nicht vorhergesehenen F\u00e4lle entscheidet die Hauptversammlung.<\/span><\/strong><\/p><p><strong><span style=\"color: #000000;\">Art. 27\u00a0\u00a0\u00a0\u00a0\u00a0 Diese Statuten wurden an der Mitgliederversammlung des Ski-Clubs Wattwil vom 13.09.2008 beschlossen. Sie treten nach ihrer Genehmigung durch das Pr\u00e4sidium von Swiss-Ski in Kraft.<\/span><\/strong><\/p><p><strong><span style=\"color: #000000;\">Statuten\u00e4nderung gem\u00e4ss Art. 24 <\/span><\/strong><\/p><ol start=\"6\"><li><strong><span style=\"color: #000000;\"> Unterst\u00fctzung von Schneesporttalenten<\/span><\/strong><\/li><\/ol><p><strong><span style=\"color: #000000;\">Art. 28\u00a0\u00a0\u00a0\u00a0\u00a0 Gem\u00e4ss definiertem Ziel und Zweck des SC Wattwil unterst\u00fctzt der Verein eigene Schneesporttalente finanziell. Die dahingehend zur Verf\u00fcgung stehenden Mittel sind variabel. Der Gesch\u00e4ftsgang und das Vereinsverm\u00f6gen haben einen direkten Einfluss auf die H\u00f6he der finanziellen Mittel zur finanziellen Unterst\u00fctzung von Schneesporttalenten.<\/span><\/strong><\/p><p><strong><span style=\"color: #000000;\">Art. 29\u00a0\u00a0\u00a0\u00a0\u00a0 Voraussetzungen f\u00fcr eine finanzielle Unterst\u00fctzung von Schneesporttalenten sind:<\/span><\/strong><\/p><p><strong><span style=\"color: #000000;\">\u00a0\u00a0\u00a0\u00a0\u00a0\u00a0\u00a0\u00a0\u00a0\u00a0\u00a0\u00a0\u00a0\u00a0\u00a0\u00a0 Aktivmitglied oder Junior im SC Wattwil<\/span><\/strong><\/p><p><strong><span style=\"color: #000000;\">\u00a0\u00a0\u00a0\u00a0\u00a0\u00a0\u00a0\u00a0\u00a0\u00a0\u00a0\u00a0\u00a0\u00a0\u00a0\u00a0 Alter von 14 -20<\/span><\/strong><\/p><p><strong><span style=\"color: #000000;\">\u00a0\u00a0\u00a0\u00a0\u00a0\u00a0\u00a0\u00a0\u00a0\u00a0\u00a0\u00a0\u00a0\u00a0\u00a0\u00a0 Mitglied eines nationalen Kaders<\/span><\/strong><\/p><p><strong><span style=\"color: #000000;\">\u00a0\u00a0\u00a0\u00a0\u00a0\u00a0\u00a0\u00a0\u00a0\u00a0\u00a0\u00a0\u00a0\u00a0\u00a0\u00a0 guter Leumund<\/span><\/strong><\/p><p><strong><span style=\"color: #000000;\">\u00a0\u00a0\u00a0\u00a0\u00a0\u00a0\u00a0\u00a0\u00a0\u00a0\u00a0\u00a0\u00a0\u00a0\u00a0\u00a0 Mit dem Ausschluss aus dem Verein gem\u00e4ss art. 10 der Statuten wird die finanzielle Unterst\u00fctzung eingestellt.<\/span><\/strong><\/p><p><strong><span style=\"color: #000000;\">\u00a0\u00a0\u00a0\u00a0\u00a0\u00a0\u00a0\u00a0\u00a0\u00a0\u00a0\u00a0\u00a0\u00a0\u00a0\u00a0 es existiert kein Recht auf finanzielle Unterst\u00fctzung von Schneesporttalenten. Einzig die Mitgliederversammlung als oberstes Organ des Vereins kann eine finanzielle Unterst\u00fctzung von Schneesporttalenten beschliessen.<\/span><\/strong><\/p><p><strong><span style=\"color: #000000;\">Art. 30\u00a0\u00a0\u00a0\u00a0\u00a0 Die Mitgliederversammlung als h\u00f6chstes Organ stimmt \u00fcber die Antr\u00e4ge zur finanziellen Unterst\u00fctzung von einzelnen Schneesporttalenten an der j\u00e4hrlichen GV ab. Die Unterst\u00fctzung von Schneesporttalenten muss j\u00e4hrlich erneut beschlossen werden.<\/span><\/strong><\/p><p><strong><span style=\"color: #000000;\">Art. 31\u00a0\u00a0\u00a0\u00a0\u00a0 H\u00f6he der finanziellen Unterst\u00fctzung von Schneesporttalenten<\/span><\/strong><\/p><p><strong><span style=\"color: #000000;\">\u00a0\u00a0\u00a0\u00a0\u00a0\u00a0\u00a0\u00a0\u00a0\u00a0\u00a0\u00a0\u00a0\u00a0\u00a0\u00a0<\/span><\/strong><\/p><ul><li><strong><span style=\"color: #000000;\">Das Gesamtbudget f\u00fcr die Unterst\u00fctzung von Schneesporttalenten darf 30% der Einnahmen aus Mitgliederbeitr\u00e4gen des vorherigen Rechnungsjahres nicht \u00fcbersteigen.<\/span><\/strong><\/li><\/ul><p><strong><span style=\"color: #000000;\">(zur Info: Einnahmen jeweils ca. 6&#8217;000.00 pro Jahr durch Mitgliederbeitr\u00e4ge. 20% davon w\u00e4ren Fr. 1800.00)<\/span><\/strong><\/p><ul><li><strong><span style=\"color: #000000;\">Die fl\u00fcssigen Eigenmittel des SC Wattwil d\u00fcrfen CHF 30&#8217;000.00 nicht unterschreiten.<\/span><\/strong><\/li><\/ul><ul><li><strong><span style=\"color: #000000;\">Der Gesamtbetrag zur Unterst\u00fctzung von Schneesporttalenten darf CHF 10&#8217;000.00 nicht \u00fcbersteigen.<\/span><\/strong><\/li><\/ul><ul><li><strong><span style=\"color: #000000;\">Mit diesen Mitteln k\u00f6nnen auch mehrerer Schneesporttalente unterst\u00fctzt werden.<\/span><\/strong><\/li><\/ul><ul><li><strong><span style=\"color: #000000;\">Der Vorstand unterbreitet der Mitgliederversammlung einen Vorschlag \u00fcber die H\u00f6he der zur Verf\u00fcgung stehenden Mittel, welche im n\u00e4chsten Rechnungsjahr f\u00fcr die finanzielle Unterst\u00fctzung von Schneesporttalenten aufgebracht werden soll. Dieser Vorschlag ist mit der Einladung zur Mitgliederversammlung 14 Tage vor der Versammlung zu kommunizieren. Die Mitgliederversammlung stimmt \u00fcber den Antrag ab.<\/span><\/strong><\/li><\/ul><ul><li><strong><span style=\"color: #000000;\">Bei mehreren zu unterst\u00fctzenden Schneesporttalenten unterbreitet der Vorstand der Mitgliederversammlung j\u00e4hrlich einen Verteilschl\u00fcssel. Dieser Vorschlag ist mit der Einladung zur Mitgliederversammlung 14 Tage vor der Versammlung zu kommunizieren. Die Mitgliederversammlung stimmt \u00fcber den Antrag ab.<\/span><\/strong><\/li><\/ul><p><strong><span style=\"color: #000000;\">Art. 32\u00a0\u00a0\u00a0\u00a0\u00a0 Die Festlegung der zu unterst\u00fctzenden Schneesporttalente und die H\u00f6he der dazu freizugebenen finanziellen Mittel ist fester Bestandteil der Mitgliederversammlung und wird in Art. 16 aufgenommen.<\/span><\/strong><\/p>\t\t\t\t\t\t<\/div>\n\t\t\t\t<\/div>\n\t\t\t\t\t<\/div>\n\t\t<\/div>\n\t\t\t\t\t\t\t<\/div>\n\t\t<\/section>\n\t\t\t\t\t\t\t<\/div>\n\t\t","protected":false},"excerpt":{"rendered":"<p>Statuten SC Wattwil Name und Sitz Art. 1\u00a0\u00a0\u00a0\u00a0\u00a0\u00a0\u00a0 Der SC Wattwil ist ein Verein nach schweizerischem Recht und untersteht den Bestimmungen von Art. 60 ff ZGB. Der SC Wattwil hat Sitz in Wattwil. Art. 2\u00a0\u00a0\u00a0\u00a0\u00a0\u00a0\u00a0 Der SC Wattwil geh\u00f6rt mit allen seinen Mitgliedern dem SSV (Swiss-Ski) und dem Regionalverband OSSV an. Der SC Wattwil ist&hellip;&nbsp;<a href=\"http:\/\/scwattwil.ch\/wordpress\/index.php\/verein\/elementor-390\/\" class=\"\" rel=\"bookmark\">Weiterlesen &raquo;<span class=\"screen-reader-text\">Statuten<\/span><\/a><\/p>\n","protected":false},"author":1,"featured_media":0,"parent":72,"menu_order":0,"comment_status":"closed","ping_status":"closed","template":"page-templates\/template-pagebuilder-full-width.php","meta":{"neve_meta_sidebar":"full-width","neve_meta_container":"","neve_meta_enable_content_width":"on","neve_meta_content_width":100,"neve_meta_title_alignment":"","neve_meta_author_avatar":"","neve_post_elements_order":"","neve_meta_disable_header":"","neve_meta_disable_footer":"","neve_meta_disable_title":"","footnotes":""},"_links":{"self":[{"href":"http:\/\/scwattwil.ch\/wordpress\/index.php\/wp-json\/wp\/v2\/pages\/390"}],"collection":[{"href":"http:\/\/scwattwil.ch\/wordpress\/index.php\/wp-json\/wp\/v2\/pages"}],"about":[{"href":"http:\/\/scwattwil.ch\/wordpress\/index.php\/wp-json\/wp\/v2\/types\/page"}],"author":[{"embeddable":true,"href":"http:\/\/scwattwil.ch\/wordpress\/index.php\/wp-json\/wp\/v2\/users\/1"}],"replies":[{"embeddable":true,"href":"http:\/\/scwattwil.ch\/wordpress\/index.php\/wp-json\/wp\/v2\/comments?post=390"}],"version-history":[{"count":8,"href":"http:\/\/scwattwil.ch\/wordpress\/index.php\/wp-json\/wp\/v2\/pages\/390\/revisions"}],"predecessor-version":[{"id":399,"href":"http:\/\/scwattwil.ch\/wordpress\/index.php\/wp-json\/wp\/v2\/pages\/390\/revisions\/399"}],"up":[{"embeddable":true,"href":"http:\/\/scwattwil.ch\/wordpress\/index.php\/wp-json\/wp\/v2\/pages\/72"}],"wp:attachment":[{"href":"http:\/\/scwattwil.ch\/wordpress\/index.php\/wp-json\/wp\/v2\/media?parent=390"}],"curies":[{"name":"wp","href":"https:\/\/api.w.org\/{rel}","templated":true}]}}