{"id":65,"date":"2020-09-02T09:29:00","date_gmt":"2020-09-02T09:29:00","guid":{"rendered":"http:\/\/scwattwil.ch\/wordpress\/?page_id=65"},"modified":"2026-02-18T19:07:44","modified_gmt":"2026-02-18T19:07:44","slug":"home","status":"publish","type":"page","link":"http:\/\/scwattwil.ch\/wordpress\/","title":{"rendered":"Home"},"content":{"rendered":"\t\t<div data-elementor-type=\"wp-page\" data-elementor-id=\"65\" class=\"elementor elementor-65\">\n\t\t\t\t\t\t\t\t\t<section class=\"elementor-section elementor-top-section elementor-element elementor-element-9edd20f elementor-section-boxed elementor-section-height-default elementor-section-height-default\" data-id=\"9edd20f\" data-element_type=\"section\">\n\t\t\t\t\t\t<div class=\"elementor-container elementor-column-gap-default\">\n\t\t\t\t\t<div class=\"elementor-column elementor-col-100 elementor-top-column elementor-element elementor-element-4555929\" data-id=\"4555929\" data-element_type=\"column\">\n\t\t\t<div class=\"elementor-widget-wrap elementor-element-populated\">\n\t\t\t\t\t\t\t\t<div class=\"elementor-element elementor-element-327e1be elementor-widget elementor-widget-text-editor\" data-id=\"327e1be\" data-element_type=\"widget\" data-widget_type=\"text-editor.default\">\n\t\t\t\t<div class=\"elementor-widget-container\">\n\t\t\t\t\t\t\t<p><span style=\"font-size: 36pt;\"><strong>News<\/strong><\/span><\/p>\n<p><b><strong>Das diesj\u00e4hrige Clubrennen diesen Samstag (21.02) findet wegen schlechten Wetterverh\u00e4ltnissen leider nicht statt.<\/strong><\/b><\/p>\n<p><b><strong>M\u00f6chtet ihr Kevin Fritschi bei seinem Weg an die Spitze unterst\u00fctzen?<br>Dann schaut doch mal auf seiner offiziellen Webseite vorbei:<br><a href=\"https:\/\/kevinfritschi.ch\/\">kevinfritschi.ch<\/a><\/strong><\/b><\/p>\n<p><strong>Die aktuelle H\u00fcttenwartliste 25\/26 ist Online!<\/strong><\/p>\t\t\t\t\t\t<\/div>\n\t\t\t\t<\/div>\n\t\t\t\t\t<\/div>\n\t\t<\/div>\n\t\t\t\t\t\t\t<\/div>\n\t\t<\/section>\n\t\t\t\t<section class=\"elementor-section elementor-top-section elementor-element elementor-element-c2495e9 elementor-section-boxed elementor-section-height-default elementor-section-height-default\" data-id=\"c2495e9\" data-element_type=\"section\">\n\t\t\t\t\t\t<div class=\"elementor-container elementor-column-gap-default\">\n\t\t\t\t\t<div class=\"elementor-column elementor-col-100 elementor-top-column elementor-element elementor-element-0fd32e7\" data-id=\"0fd32e7\" data-element_type=\"column\">\n\t\t\t<div class=\"elementor-widget-wrap elementor-element-populated\">\n\t\t\t\t\t\t\t\t<div class=\"elementor-element elementor-element-1313c35 elementor-widget elementor-widget-text-editor\" data-id=\"1313c35\" data-element_type=\"widget\" data-widget_type=\"text-editor.default\">\n\t\t\t\t<div class=\"elementor-widget-container\">\n\t\t\t\t\t\t\t<p style=\"text-align: center;\"><span style=\"font-size: 36pt;\"><strong><span style=\"color: #000000;\">TG Wolzen<\/span><\/strong><\/span><\/p><p style=\"text-align: center;\"><span style=\"font-size: 18pt;\"><strong><span style=\"color: #000000;\">Die TG Wolzen bietet f\u00fcr den Nachwuchs verschiedene Programme an von Fun bis zu Renngruppe bei Interesse k\u00f6nnt ihr mehr Informationen sowie das Anmeldeformular hier finden:<\/span><\/strong><\/span><\/p><p style=\"text-align: center;\"><span style=\"color: #0000ff; font-size: 18pt;\"><strong><a style=\"color: #0000ff;\" href=\"https:\/\/www.tg-wolzen.ch\/\">Webseite TG Wolzen<\/a><\/strong><\/span><\/p>\t\t\t\t\t\t<\/div>\n\t\t\t\t<\/div>\n\t\t\t\t\t<\/div>\n\t\t<\/div>\n\t\t\t\t\t\t\t<\/div>\n\t\t<\/section>\n\t\t\t\t<section class=\"elementor-section elementor-top-section elementor-element elementor-element-658d6b2 elementor-section-boxed elementor-section-height-default elementor-section-height-default\" data-id=\"658d6b2\" data-element_type=\"section\">\n\t\t\t\t\t\t<div class=\"elementor-container elementor-column-gap-default\">\n\t\t\t\t\t<div class=\"elementor-column elementor-col-100 elementor-top-column elementor-element elementor-element-df16d82\" data-id=\"df16d82\" data-element_type=\"column\">\n\t\t\t<div class=\"elementor-widget-wrap\">\n\t\t\t\t\t\t\t\t\t<\/div>\n\t\t<\/div>\n\t\t\t\t\t\t\t<\/div>\n\t\t<\/section>\n\t\t\t\t\t\t\t<\/div>\n\t\t","protected":false},"excerpt":{"rendered":"<p>News Das diesj\u00e4hrige Clubrennen diesen Samstag (21.02) findet wegen schlechten Wetterverh\u00e4ltnissen leider nicht statt. M\u00f6chtet ihr Kevin Fritschi bei seinem Weg an die Spitze unterst\u00fctzen?Dann schaut doch mal auf seiner offiziellen Webseite vorbei:kevinfritschi.ch Die aktuelle H\u00fcttenwartliste 25\/26 ist Online! TG Wolzen Die TG Wolzen bietet f\u00fcr den Nachwuchs verschiedene Programme an von Fun bis zu&hellip;&nbsp;<a href=\"http:\/\/scwattwil.ch\/wordpress\/\" class=\"\" rel=\"bookmark\">Weiterlesen &raquo;<span class=\"screen-reader-text\">Home<\/span><\/a><\/p>\n","protected":false},"author":1,"featured_media":0,"parent":0,"menu_order":0,"comment_status":"closed","ping_status":"closed","template":"page-templates\/template-pagebuilder-full-width.php","meta":{"neve_meta_sidebar":"full-width","neve_meta_container":"","neve_meta_enable_content_width":"on","neve_meta_content_width":100,"neve_meta_title_alignment":"","neve_meta_author_avatar":"","neve_post_elements_order":"","neve_meta_disable_header":"","neve_meta_disable_footer":"","neve_meta_disable_title":"","footnotes":""},"_links":{"self":[{"href":"http:\/\/scwattwil.ch\/wordpress\/index.php\/wp-json\/wp\/v2\/pages\/65"}],"collection":[{"href":"http:\/\/scwattwil.ch\/wordpress\/index.php\/wp-json\/wp\/v2\/pages"}],"about":[{"href":"http:\/\/scwattwil.ch\/wordpress\/index.php\/wp-json\/wp\/v2\/types\/page"}],"author":[{"embeddable":true,"href":"http:\/\/scwattwil.ch\/wordpress\/index.php\/wp-json\/wp\/v2\/users\/1"}],"replies":[{"embeddable":true,"href":"http:\/\/scwattwil.ch\/wordpress\/index.php\/wp-json\/wp\/v2\/comments?post=65"}],"version-history":[{"count":114,"href":"http:\/\/scwattwil.ch\/wordpress\/index.php\/wp-json\/wp\/v2\/pages\/65\/revisions"}],"predecessor-version":[{"id":613,"href":"http:\/\/scwattwil.ch\/wordpress\/index.php\/wp-json\/wp\/v2\/pages\/65\/revisions\/613"}],"wp:attachment":[{"href":"http:\/\/scwattwil.ch\/wordpress\/index.php\/wp-json\/wp\/v2\/media?parent=65"}],"curies":[{"name":"wp","href":"https:\/\/api.w.org\/{rel}","templated":true}]}}