{"id":76,"date":"2020-09-02T09:37:25","date_gmt":"2020-09-02T09:37:25","guid":{"rendered":"http:\/\/scwattwil.ch\/wordpress\/?page_id=76"},"modified":"2025-11-10T18:08:21","modified_gmt":"2025-11-10T18:08:21","slug":"clubhuette","status":"publish","type":"page","link":"http:\/\/scwattwil.ch\/wordpress\/index.php\/clubhuette\/","title":{"rendered":"Clubh\u00fctte"},"content":{"rendered":"\t\t<div data-elementor-type=\"wp-page\" data-elementor-id=\"76\" class=\"elementor elementor-76\">\n\t\t\t\t\t\t\t\t\t<section class=\"elementor-section elementor-top-section elementor-element elementor-element-b08b311 elementor-section-boxed elementor-section-height-default elementor-section-height-default\" data-id=\"b08b311\" data-element_type=\"section\">\n\t\t\t\t\t\t<div class=\"elementor-container elementor-column-gap-default\">\n\t\t\t\t\t<div class=\"elementor-column elementor-col-100 elementor-top-column elementor-element elementor-element-e7e0148\" data-id=\"e7e0148\" data-element_type=\"column\">\n\t\t\t<div class=\"elementor-widget-wrap elementor-element-populated\">\n\t\t\t\t\t\t\t\t<div class=\"elementor-element elementor-element-a78e470 elementor-absolute elementor-widget elementor-widget-text-editor\" data-id=\"a78e470\" data-element_type=\"widget\" data-settings=\"{&quot;_position&quot;:&quot;absolute&quot;}\" data-widget_type=\"text-editor.default\">\n\t\t\t\t<div class=\"elementor-widget-container\">\n\t\t\t\t\t\t\t<p><strong><span style=\"font-size: 36pt;\">H\u00fcttenwartliste<\/span><\/strong><\/p><p>Im Anschluss findet Ihr die aktuelle H\u00fcttenwartliste. Es sind noch einige Termine frei.<br \/>Wer einmal Lust versp\u00fcrt, ein tolles Wochenende auf der Hotteien zu verbringen, aber nicht genau weiss was auf Ihn zukommt, dem gibt unser H\u00fcttenchef gerne Auskunft.<\/p><p>Yves St\u00fcssi<\/p><p>Mobil: 079 690 97 38<br \/>yves.stuessi75(at)gmail.com<\/p>\t\t\t\t\t\t<\/div>\n\t\t\t\t<\/div>\n\t\t\t\t\t<\/div>\n\t\t<\/div>\n\t\t\t\t\t\t\t<\/div>\n\t\t<\/section>\n\t\t\t\t<section class=\"elementor-section elementor-top-section elementor-element elementor-element-165136a elementor-section-boxed elementor-section-height-default elementor-section-height-default\" data-id=\"165136a\" data-element_type=\"section\">\n\t\t\t\t\t\t<div class=\"elementor-container elementor-column-gap-default\">\n\t\t\t\t\t<div class=\"elementor-column elementor-col-100 elementor-top-column elementor-element elementor-element-c26c80d\" data-id=\"c26c80d\" data-element_type=\"column\">\n\t\t\t<div class=\"elementor-widget-wrap elementor-element-populated\">\n\t\t\t\t\t\t\t\t<div class=\"elementor-element elementor-element-3a205ac elementor-align-center elementor-absolute elementor-widget elementor-widget-button\" data-id=\"3a205ac\" data-element_type=\"widget\" data-settings=\"{&quot;_position&quot;:&quot;absolute&quot;}\" data-widget_type=\"button.default\">\n\t\t\t\t<div class=\"elementor-widget-container\">\n\t\t\t\t\t<div class=\"elementor-button-wrapper\">\n\t\t\t<a class=\"elementor-button elementor-button-link elementor-size-sm\" href=\"http:\/\/scwattwil.ch\/wordpress\/wp-content\/uploads\/2025\/11\/Huettenwartliste_25-26-1011.png\">\n\t\t\t\t\t\t<span class=\"elementor-button-content-wrapper\">\n\t\t\t\t\t\t<span class=\"elementor-button-text\">H\u00fcttenwartliste<\/span>\n\t\t<\/span>\n\t\t\t\t\t<\/a>\n\t\t<\/div>\n\t\t\t\t<\/div>\n\t\t\t\t<\/div>\n\t\t\t\t\t<\/div>\n\t\t<\/div>\n\t\t\t\t\t\t\t<\/div>\n\t\t<\/section>\n\t\t\t\t\t\t\t<\/div>\n\t\t","protected":false},"excerpt":{"rendered":"<p>H\u00fcttenwartliste Im Anschluss findet Ihr die aktuelle H\u00fcttenwartliste. Es sind noch einige Termine frei.Wer einmal Lust versp\u00fcrt, ein tolles Wochenende auf der Hotteien zu verbringen, aber nicht genau weiss was auf Ihn zukommt, dem gibt unser H\u00fcttenchef gerne Auskunft. Yves St\u00fcssi Mobil: 079 690 97 38yves.stuessi75(at)gmail.com H\u00fcttenwartliste<\/p>\n","protected":false},"author":1,"featured_media":0,"parent":0,"menu_order":0,"comment_status":"closed","ping_status":"closed","template":"page-templates\/template-pagebuilder-full-width.php","meta":{"neve_meta_sidebar":"full-width","neve_meta_container":"","neve_meta_enable_content_width":"on","neve_meta_content_width":100,"neve_meta_title_alignment":"","neve_meta_author_avatar":"","neve_post_elements_order":"","neve_meta_disable_header":"","neve_meta_disable_footer":"","neve_meta_disable_title":"","footnotes":""},"_links":{"self":[{"href":"http:\/\/scwattwil.ch\/wordpress\/index.php\/wp-json\/wp\/v2\/pages\/76"}],"collection":[{"href":"http:\/\/scwattwil.ch\/wordpress\/index.php\/wp-json\/wp\/v2\/pages"}],"about":[{"href":"http:\/\/scwattwil.ch\/wordpress\/index.php\/wp-json\/wp\/v2\/types\/page"}],"author":[{"embeddable":true,"href":"http:\/\/scwattwil.ch\/wordpress\/index.php\/wp-json\/wp\/v2\/users\/1"}],"replies":[{"embeddable":true,"href":"http:\/\/scwattwil.ch\/wordpress\/index.php\/wp-json\/wp\/v2\/comments?post=76"}],"version-history":[{"count":100,"href":"http:\/\/scwattwil.ch\/wordpress\/index.php\/wp-json\/wp\/v2\/pages\/76\/revisions"}],"predecessor-version":[{"id":588,"href":"http:\/\/scwattwil.ch\/wordpress\/index.php\/wp-json\/wp\/v2\/pages\/76\/revisions\/588"}],"wp:attachment":[{"href":"http:\/\/scwattwil.ch\/wordpress\/index.php\/wp-json\/wp\/v2\/media?parent=76"}],"curies":[{"name":"wp","href":"https:\/\/api.w.org\/{rel}","templated":true}]}}